{"id":1017,"date":"2023-02-17T11:24:31","date_gmt":"2023-02-17T11:24:31","guid":{"rendered":"https:\/\/18.185.103.178\/?page_id=1017"},"modified":"2024-11-01T18:57:20","modified_gmt":"2024-11-01T16:57:20","slug":"payment-and-transport","status":"publish","type":"page","link":"https:\/\/mycannabis.cz\/en\/platba-a-doprava\/","title":{"rendered":"Shipping and payment"},"content":{"rendered":"<h2 class=\"wp-block-heading\"><br>Shipping and payment<\/h2>\n\n\n\n<p>Jak funguj\u00ed vratky?<\/p>\n\n\n\n<p>Ve\u0161ker\u00e9 l\u00e9ky (zejm\u00e9na l\u00e9ky na p\u0159edpis, v\u010detn\u011b kv\u011bt\u016f konop\u00ed) jsou ze z\u00e1kona vylou\u010deny z vracen\u00ed. Dal\u0161\u00ed informace naleznete v na\u0161ich z\u00e1sad\u00e1ch zru\u0161en\u00ed.<\/p>\n\n\n\n<p>Kam m\u00e1m poslat sv\u016fj origin\u00e1ln\u00ed recept?<\/p>\n\n\n\n<p id=\"viewer-2vqu1\">P\u0159edpis pros\u00edm za\u0161lete na n\u00e1sleduj\u00edc\u00ed adresu:<\/p>\n\n\n\n<p id=\"viewer-9uv39\">360Grad-Apotheke<br>Bonner Str. 237<br>40589 D\u00fcsseldorf<\/p>\n\n\n\n<p>O po\u0161tovn\u00e9 se postar\u00e1me za v\u00e1s. Pou\u017eijte pros\u00edm na\u0161i bezplatnou ob\u00e1lku, kterou si m\u016f\u017eete vytisknout jako PDF zde.<\/p>\n\n\n\n<p>Is shipping free?<\/p>\n\n\n\n<p>Aktu\u00e1ln\u00ed cenu va\u0161ich l\u00e9k\u016f (pokud jsou dostupn\u00e9) V\u00e1m r\u00e1di sd\u011bl\u00edme emailem.<\/p>\n\n\n\n<p>Our shipping costs are as follows:<\/p>\n\n\n\n<p>Za doru\u010den\u00ed prost\u0159ednictv\u00edm DHL \u00fa\u010dtujeme poplatek za dopravu ve v\u00fd\u0161i 9,99 EUR za objedn\u00e1vky v hodnot\u011b mezi 0 EUR a 100 EUR. U objedn\u00e1vek v hodnot\u011b 100 a\u017e 200 EUR je po\u0161tovn\u00e9 5,99 EUR. Objedn\u00e1vky nad 200 \u20ac doru\u010dujeme zdarma.<\/p>\n\n\n\n<p>U GO je poplatek za dopravu u objedn\u00e1vek v hodnot\u011b od 0 do 100 EUR 13,99 EUR. U objedn\u00e1vek v hodnot\u011b 100 a\u017e 200 EUR je po\u0161tovn\u00e9 9,99 EUR. Objedn\u00e1vky nad 200 \u20ac doru\u010dujeme zdarma.<\/p>\n\n\n\n<p>Can I pick up my medication on site?<\/p>\n\n\n\n<p>L\u00e9ky si samoz\u0159ejm\u011b m\u016f\u017eete vyzvednout i p\u0159\u00edmo v na\u0161\u00ed l\u00e9k\u00e1rn\u011b po p\u0159edlo\u017een\u00ed origin\u00e1ln\u00edho receptu. Abyste m\u011bli jistotu, \u017ee m\u00e1me v\u00e1mi po\u017eadovanou odr\u016fdu skladem, kontaktujte n\u00e1s p\u0159edem. \u0158ekneme v\u00e1m, kdy bude va\u0161e objedn\u00e1vka p\u0159ipravena k vyzvednut\u00ed, abyste nemuseli \u010dekat.<\/p>\n\n\n\n<p>How to find us:<\/p>\n\n\n\n<p>360stup\u0148ov\u00e1 l\u00e9k\u00e1rna<br>Bonnerova 237<br>40589 D\u00fcsseldorf<\/p>\n\n\n\n<p>(cca 200m po vstupu do pr\u016fmyslov\u00e9ho are\u00e1lu)<\/p>\n\n\n\n<p id=\"viewer-cv37v\">Our opening hours:<\/p>\n\n\n\n<p id=\"viewer-eh37t\">Po, \u00dat, St, \u010ct, P\u00e1: 10:00 \u2013 16:00<\/p>\n\n\n\n<p id=\"viewer-48ptn\">Sat + Sun: closed<\/p>\n\n\n\n<p>Jak jsou m\u00e9 konopn\u00e9 l\u00e9ky zas\u00edl\u00e1ny?<\/p>\n\n\n\n<p>Proto\u017ee kv\u011bty a extrakty z konop\u00ed jsou l\u00e9ky na p\u0159edpis, jsme odhodl\u00e1ni zajistit, aby byly produkty doru\u010deny spr\u00e1vn\u00e9 osob\u011b. Proto, kdy\u017e bal\u00ed\u010dek doraz\u00ed, zkontrolujeme va\u0161i identitu prost\u0159ednictv\u00edm na\u0161eho poskytovatele p\u0159epravn\u00edch slu\u017eeb.<\/p>\n\n\n\n<p>DORU\u010cEN\u00cd DHL IDENTN\u00cd KONTROLOU<\/p>\n\n\n\n<p>DHL IDENT-CHECK je spolehliv\u00e1 slu\u017eba od DHL, kter\u00e1 zajist\u00ed, \u017ee va\u0161e objedn\u00e1vka bude doru\u010dena spr\u00e1vn\u00e9 osob\u011b po ov\u011b\u0159en\u00ed toto\u017enosti a v\u011bku.<\/p>\n\n\n\n<p>Benefits:<\/p>\n\n\n\n<p>Spolehliv\u00e9 a osobn\u00ed p\u0159ed\u00e1n\u00ed<br>Zaji\u0161t\u011bn\u00ed p\u0159ed\u00e1n\u00ed z\u00e1silky pouze jmenovan\u00e9mu p\u0159\u00edjemci<\/p>\n\n\n\n<p>Co mus\u00edm vz\u00edt v \u00favahu?<\/p>\n\n\n\n<p>1. Pot\u0159ebujete platn\u00fd identifika\u010dn\u00ed doklad.<\/p>\n\n\n\n<p>2. P\u0159i objedn\u00e1vce se rozhodnete, kdo m\u00e1 z\u00e1silku p\u0159evz\u00edt a pouze tato osoba pak m\u016f\u017ee objedn\u00e1vku p\u0159ijmout.<\/p>\n\n\n\n<p>3. P\u0159i p\u0159evzet\u00ed pros\u00edm zkontrolujte neporu\u0161enost sv\u00e9 z\u00e1silky! Odm\u00edtn\u011bte p\u0159evz\u00edt otev\u0159en\u00fd nebo po\u0161kozen\u00fd bal\u00ed\u010dek.<\/p>\n\n\n\n<p>Pozn\u00e1mka:<br>P\u0159i p\u0159eprav\u011b pomoc\u00ed DHL Ident-Check jsou k identifikaci akceptov\u00e1ny pouze n\u011bmeck\u00e9 doklady toto\u017enosti v souladu s pokyny DHL (z technick\u00fdch d\u016fvod\u016f).<\/p>\n\n\n\n<p>Co se stane, kdy\u017e zme\u0161k\u00e1m dod\u00e1vku?<br>V\u00e1\u0161 bal\u00ed\u010dek bude doru\u010den na pobo\u010dku DHL, kde si jej m\u016f\u017eete vyzvednout.<\/p>\n\n\n\n<h2 class=\"wp-block-heading\">Payment options<\/h2>\n\n\n\n<h4 class=\"wp-block-heading\">What payment methods are possible?<\/h4>\n\n\n\n<p>Zaplatit u n\u00e1s m\u016f\u017eete pohodln\u011b a snadno debetn\u00ed\/kreditn\u00ed kartou nebo fakturou.<\/p>","protected":false},"excerpt":{"rendered":"<p>Doprava a platba Jak funguj\u00ed vratky? Ve\u0161ker\u00e9 l\u00e9ky (zejm\u00e9na l\u00e9ky na p\u0159edpis, v\u010detn\u011b kv\u011bt\u016f konop\u00ed) jsou ze z\u00e1kona vylou\u010deny z vracen\u00ed. Dal\u0161\u00ed informace naleznete v na\u0161ich z\u00e1sad\u00e1ch zru\u0161en\u00ed. Kam m\u00e1m poslat sv\u016fj origin\u00e1ln\u00ed recept? P\u0159edpis pros\u00edm za\u0161lete na n\u00e1sleduj\u00edc\u00ed adresu: 360Grad-ApothekeBonner Str. 23740589 D\u00fcsseldorf O po\u0161tovn\u00e9 se postar\u00e1me za v\u00e1s. Pou\u017eijte pros\u00edm na\u0161i bezplatnou ob\u00e1lku, [&hellip;]<\/p>\n","protected":false},"author":4,"featured_media":0,"parent":0,"menu_order":0,"comment_status":"closed","ping_status":"closed","template":"","meta":{"_acf_changed":false,"footnotes":""},"class_list":["post-1017","page","type-page","status-publish","hentry"],"acf":[],"yoast_head":"<!-- This site is optimized with the Yoast SEO plugin v26.9 - https:\/\/yoast.com\/product\/yoast-seo-wordpress\/ -->\n<title>Doprava a platba - Cannabis Apotheke - Cannabis auf Rezept | Mycannabis.de<\/title>\n<meta name=\"robots\" content=\"index, follow, max-snippet:-1, max-image-preview:large, max-video-preview:-1\" \/>\n<link rel=\"canonical\" href=\"https:\/\/mycannabis.cz\/en\/payment-and-transport\/\" \/>\n<meta property=\"og:locale\" content=\"en_GB\" \/>\n<meta property=\"og:type\" content=\"article\" \/>\n<meta property=\"og:title\" content=\"Doprava a platba - Cannabis Apotheke - Cannabis auf Rezept | Mycannabis.de\" \/>\n<meta property=\"og:description\" content=\"Doprava a platba Jak funguj\u00ed vratky? Ve\u0161ker\u00e9 l\u00e9ky (zejm\u00e9na l\u00e9ky na p\u0159edpis, v\u010detn\u011b kv\u011bt\u016f konop\u00ed) jsou ze z\u00e1kona vylou\u010deny z vracen\u00ed. Dal\u0161\u00ed informace naleznete v na\u0161ich z\u00e1sad\u00e1ch zru\u0161en\u00ed. Kam m\u00e1m poslat sv\u016fj origin\u00e1ln\u00ed recept? P\u0159edpis pros\u00edm za\u0161lete na n\u00e1sleduj\u00edc\u00ed adresu: 360Grad-ApothekeBonner Str. 23740589 D\u00fcsseldorf O po\u0161tovn\u00e9 se postar\u00e1me za v\u00e1s. Pou\u017eijte pros\u00edm na\u0161i bezplatnou ob\u00e1lku, [&hellip;]\" \/>\n<meta property=\"og:url\" content=\"https:\/\/mycannabis.cz\/en\/payment-and-transport\/\" \/>\n<meta property=\"og:site_name\" content=\"Cannabis Apotheke - Cannabis auf Rezept | Mycannabis.de\" \/>\n<meta property=\"article:modified_time\" content=\"2024-11-01T16:57:20+00:00\" \/>\n<meta name=\"twitter:card\" content=\"summary_large_image\" \/>\n<meta name=\"twitter:label1\" content=\"Estimated reading time\" \/>\n\t<meta name=\"twitter:data1\" content=\"4 minutes\" \/>\n<script type=\"application\/ld+json\" class=\"yoast-schema-graph\">{\"@context\":\"https:\/\/schema.org\",\"@graph\":[{\"@type\":\"WebPage\",\"@id\":\"https:\/\/mycannabis.cz\/en\/payment-and-transport\/\",\"url\":\"https:\/\/mycannabis.cz\/en\/payment-and-transport\/\",\"name\":\"Doprava a platba - Cannabis Apotheke - Cannabis auf Rezept | Mycannabis.de\",\"isPartOf\":{\"@id\":\"https:\/\/mycannabis.cz\/#website\"},\"datePublished\":\"2023-02-17T11:24:31+00:00\",\"dateModified\":\"2024-11-01T16:57:20+00:00\",\"breadcrumb\":{\"@id\":\"https:\/\/mycannabis.cz\/en\/payment-and-transport\/#breadcrumb\"},\"inLanguage\":\"en-GB\",\"potentialAction\":[{\"@type\":\"ReadAction\",\"target\":[\"https:\/\/mycannabis.cz\/en\/payment-and-transport\/\"]}]},{\"@type\":\"BreadcrumbList\",\"@id\":\"https:\/\/mycannabis.cz\/en\/payment-and-transport\/#breadcrumb\",\"itemListElement\":[{\"@type\":\"ListItem\",\"position\":1,\"name\":\"Home\",\"item\":\"https:\/\/mycannabis.cz\/\"},{\"@type\":\"ListItem\",\"position\":2,\"name\":\"Doprava a platba\"}]},{\"@type\":\"WebSite\",\"@id\":\"https:\/\/mycannabis.cz\/#website\",\"url\":\"https:\/\/mycannabis.cz\/\",\"name\":\"Cannabis Apotheke - Cannabis auf Rezept | Mycannabis.de\",\"description\":\"Cannabis aus der Apotheke: L\u00f6sen Sie ihr Cannabisrezept online schnell &amp; einfach ein &amp; wir liefern es Ihnen bequem nach Hause. Mit Telefonberatung | Kostenloser Versand in Deutschland.\",\"publisher\":{\"@id\":\"https:\/\/mycannabis.cz\/#organization\"},\"potentialAction\":[{\"@type\":\"SearchAction\",\"target\":{\"@type\":\"EntryPoint\",\"urlTemplate\":\"https:\/\/mycannabis.cz\/?s={search_term_string}\"},\"query-input\":{\"@type\":\"PropertyValueSpecification\",\"valueRequired\":true,\"valueName\":\"search_term_string\"}}],\"inLanguage\":\"en-GB\"},{\"@type\":\"Organization\",\"@id\":\"https:\/\/mycannabis.cz\/#organization\",\"name\":\"Cannabis Apotheke - Cannabis auf Rezept | Mycannabis.de\",\"url\":\"https:\/\/mycannabis.cz\/\",\"logo\":{\"@type\":\"ImageObject\",\"inLanguage\":\"en-GB\",\"@id\":\"https:\/\/mycannabis.cz\/#\/schema\/logo\/image\/\",\"url\":\"https:\/\/mycannabis.cz\/wp-content\/uploads\/sites\/7\/2023\/06\/cropped-Mycannabis-DE-Logo-Master_Outlined-1.png\",\"contentUrl\":\"https:\/\/mycannabis.cz\/wp-content\/uploads\/sites\/7\/2023\/06\/cropped-Mycannabis-DE-Logo-Master_Outlined-1.png\",\"width\":1920,\"height\":720,\"caption\":\"Cannabis Apotheke - Cannabis auf Rezept | Mycannabis.de\"},\"image\":{\"@id\":\"https:\/\/mycannabis.cz\/#\/schema\/logo\/image\/\"}}]}<\/script>\n<!-- \/ Yoast SEO plugin. -->","yoast_head_json":{"title":"Shipping and Payment - Cannabis Apotheke - Cannabis auf Rezept | Mycannabis.de","robots":{"index":"index","follow":"follow","max-snippet":"max-snippet:-1","max-image-preview":"max-image-preview:large","max-video-preview":"max-video-preview:-1"},"canonical":"https:\/\/mycannabis.cz\/en\/payment-and-transport\/","og_locale":"en_GB","og_type":"article","og_title":"Doprava a platba - Cannabis Apotheke - Cannabis auf Rezept | Mycannabis.de","og_description":"Doprava a platba Jak funguj\u00ed vratky? Ve\u0161ker\u00e9 l\u00e9ky (zejm\u00e9na l\u00e9ky na p\u0159edpis, v\u010detn\u011b kv\u011bt\u016f konop\u00ed) jsou ze z\u00e1kona vylou\u010deny z vracen\u00ed. Dal\u0161\u00ed informace naleznete v na\u0161ich z\u00e1sad\u00e1ch zru\u0161en\u00ed. Kam m\u00e1m poslat sv\u016fj origin\u00e1ln\u00ed recept? P\u0159edpis pros\u00edm za\u0161lete na n\u00e1sleduj\u00edc\u00ed adresu: 360Grad-ApothekeBonner Str. 23740589 D\u00fcsseldorf O po\u0161tovn\u00e9 se postar\u00e1me za v\u00e1s. Pou\u017eijte pros\u00edm na\u0161i bezplatnou ob\u00e1lku, [&hellip;]","og_url":"https:\/\/mycannabis.cz\/en\/payment-and-transport\/","og_site_name":"Cannabis Apotheke - Cannabis auf Rezept | Mycannabis.de","article_modified_time":"2024-11-01T16:57:20+00:00","twitter_card":"summary_large_image","twitter_misc":{"Estimated reading time":"4 minutes"},"schema":{"@context":"https:\/\/schema.org","@graph":[{"@type":"WebPage","@id":"https:\/\/mycannabis.cz\/en\/payment-and-transport\/","url":"https:\/\/mycannabis.cz\/en\/payment-and-transport\/","name":"Shipping and Payment - Cannabis Apotheke - Cannabis auf Rezept | Mycannabis.de","isPartOf":{"@id":"https:\/\/mycannabis.cz\/#website"},"datePublished":"2023-02-17T11:24:31+00:00","dateModified":"2024-11-01T16:57:20+00:00","breadcrumb":{"@id":"https:\/\/mycannabis.cz\/en\/payment-and-transport\/#breadcrumb"},"inLanguage":"en-GB","potentialAction":[{"@type":"ReadAction","target":["https:\/\/mycannabis.cz\/en\/payment-and-transport\/"]}]},{"@type":"BreadcrumbList","@id":"https:\/\/mycannabis.cz\/en\/payment-and-transport\/#breadcrumb","itemListElement":[{"@type":"ListItem","position":1,"name":"Home","item":"https:\/\/mycannabis.cz\/"},{"@type":"ListItem","position":2,"name":"Doprava a platba"}]},{"@type":"WebSite","@id":"https:\/\/mycannabis.cz\/#website","url":"https:\/\/mycannabis.cz\/","name":"Cannabis Apotheke - Cannabis auf Rezept | Mycannabis.de","description":"Cannabis aus der Apotheke: L\u00f6sen Sie ihr Cannabisrezept online schnell &amp; einfach ein &amp; wir liefern es Ihnen bequem nach Hause. Mit Telefonberatung | Kostenloser Versand in Deutschland.","publisher":{"@id":"https:\/\/mycannabis.cz\/#organization"},"potentialAction":[{"@type":"SearchAction","target":{"@type":"EntryPoint","urlTemplate":"https:\/\/mycannabis.cz\/?s={search_term_string}"},"query-input":{"@type":"PropertyValueSpecification","valueRequired":true,"valueName":"search_term_string"}}],"inLanguage":"en-GB"},{"@type":"Organization","@id":"https:\/\/mycannabis.cz\/#organization","name":"Cannabis Apotheke - Cannabis auf Rezept | Mycannabis.de","url":"https:\/\/mycannabis.cz\/","logo":{"@type":"ImageObject","inLanguage":"en-GB","@id":"https:\/\/mycannabis.cz\/#\/schema\/logo\/image\/","url":"https:\/\/mycannabis.cz\/wp-content\/uploads\/sites\/7\/2023\/06\/cropped-Mycannabis-DE-Logo-Master_Outlined-1.png","contentUrl":"https:\/\/mycannabis.cz\/wp-content\/uploads\/sites\/7\/2023\/06\/cropped-Mycannabis-DE-Logo-Master_Outlined-1.png","width":1920,"height":720,"caption":"Cannabis Apotheke - Cannabis auf Rezept | Mycannabis.de"},"image":{"@id":"https:\/\/mycannabis.cz\/#\/schema\/logo\/image\/"}}]}},"_links":{"self":[{"href":"https:\/\/mycannabis.cz\/en\/wp-json\/wp\/v2\/pages\/1017","targetHints":{"allow":["GET"]}}],"collection":[{"href":"https:\/\/mycannabis.cz\/en\/wp-json\/wp\/v2\/pages"}],"about":[{"href":"https:\/\/mycannabis.cz\/en\/wp-json\/wp\/v2\/types\/page"}],"author":[{"embeddable":true,"href":"https:\/\/mycannabis.cz\/en\/wp-json\/wp\/v2\/users\/4"}],"replies":[{"embeddable":true,"href":"https:\/\/mycannabis.cz\/en\/wp-json\/wp\/v2\/comments?post=1017"}],"version-history":[{"count":0,"href":"https:\/\/mycannabis.cz\/en\/wp-json\/wp\/v2\/pages\/1017\/revisions"}],"wp:attachment":[{"href":"https:\/\/mycannabis.cz\/en\/wp-json\/wp\/v2\/media?parent=1017"}],"curies":[{"name":"wp","href":"https:\/\/api.w.org\/{rel}","templated":true}]}}