{"id":428,"date":"2023-02-01T11:05:37","date_gmt":"2023-02-01T11:05:37","guid":{"rendered":"https:\/\/18.185.103.178\/?page_id=428"},"modified":"2024-11-01T19:04:21","modified_gmt":"2024-11-01T17:04:21","slug":"reimburse-a-prescription","status":"publish","type":"page","link":"https:\/\/mycannabis.cz\/en\/proplatit-predpis\/","title":{"rendered":"Cannabis Rezept einl\u00f6sen"},"content":{"rendered":"","protected":false},"excerpt":{"rendered":"","protected":false},"author":6,"featured_media":0,"parent":0,"menu_order":0,"comment_status":"closed","ping_status":"closed","template":"","meta":{"_acf_changed":false,"footnotes":""},"class_list":["post-428","page","type-page","status-publish","hentry"],"acf":[],"yoast_head":"<!-- This site is optimized with the Yoast SEO plugin v26.9 - https:\/\/yoast.com\/product\/yoast-seo-wordpress\/ -->\n<title>Uplatn\u011bte p\u0159edpis na konop\u00ed | mycannabis<\/title>\n<meta name=\"description\" content=\"Vypl\u0148te sv\u016fj p\u0159edpis l\u00e9\u010debn\u00e9ho konop\u00ed snadno, bezpe\u010dn\u011b a bez n\u00e1klad\u016f na dopravu na MYCANNABIS | Mo\u017enost n\u00e1kupu na \u00fa\u010det\" \/>\n<meta name=\"robots\" content=\"index, follow, max-snippet:-1, max-image-preview:large, max-video-preview:-1\" \/>\n<link rel=\"canonical\" href=\"https:\/\/mycannabis.cz\/en\/reimburse-a-prescription\/\" \/>\n<meta property=\"og:locale\" content=\"en_GB\" \/>\n<meta property=\"og:type\" content=\"article\" \/>\n<meta property=\"og:title\" content=\"Uplatn\u011bte p\u0159edpis na konop\u00ed | mycannabis\" \/>\n<meta property=\"og:description\" content=\"Vypl\u0148te sv\u016fj p\u0159edpis l\u00e9\u010debn\u00e9ho konop\u00ed snadno, bezpe\u010dn\u011b a bez n\u00e1klad\u016f na dopravu na MYCANNABIS | Mo\u017enost n\u00e1kupu na \u00fa\u010det\" \/>\n<meta property=\"og:url\" content=\"https:\/\/mycannabis.cz\/en\/reimburse-a-prescription\/\" \/>\n<meta property=\"og:site_name\" content=\"Cannabis Apotheke - Cannabis auf Rezept | Mycannabis.de\" \/>\n<meta property=\"article:modified_time\" content=\"2024-11-01T17:04:21+00:00\" \/>\n<meta name=\"twitter:card\" content=\"summary_large_image\" \/>\n<meta name=\"twitter:label1\" content=\"Estimated reading time\" \/>\n\t<meta name=\"twitter:data1\" content=\"3 minutes\" \/>\n<script type=\"application\/ld+json\" class=\"yoast-schema-graph\">{\"@context\":\"https:\/\/schema.org\",\"@graph\":[{\"@type\":\"WebPage\",\"@id\":\"https:\/\/mycannabis.cz\/en\/reimburse-a-prescription\/\",\"url\":\"https:\/\/mycannabis.cz\/en\/reimburse-a-prescription\/\",\"name\":\"Uplatn\u011bte p\u0159edpis na konop\u00ed | mycannabis\",\"isPartOf\":{\"@id\":\"https:\/\/mycannabis.cz\/#website\"},\"datePublished\":\"2023-02-01T11:05:37+00:00\",\"dateModified\":\"2024-11-01T17:04:21+00:00\",\"description\":\"Vypl\u0148te sv\u016fj p\u0159edpis l\u00e9\u010debn\u00e9ho konop\u00ed snadno, bezpe\u010dn\u011b a bez n\u00e1klad\u016f na dopravu na MYCANNABIS | Mo\u017enost n\u00e1kupu na \u00fa\u010det\",\"breadcrumb\":{\"@id\":\"https:\/\/mycannabis.cz\/en\/reimburse-a-prescription\/#breadcrumb\"},\"inLanguage\":\"en-GB\",\"potentialAction\":[{\"@type\":\"ReadAction\",\"target\":[\"https:\/\/mycannabis.cz\/en\/reimburse-a-prescription\/\"]}]},{\"@type\":\"BreadcrumbList\",\"@id\":\"https:\/\/mycannabis.cz\/en\/reimburse-a-prescription\/#breadcrumb\",\"itemListElement\":[{\"@type\":\"ListItem\",\"position\":1,\"name\":\"Home\",\"item\":\"https:\/\/mycannabis.cz\/\"},{\"@type\":\"ListItem\",\"position\":2,\"name\":\"Cannabis Rezept einl\u00f6sen\"}]},{\"@type\":\"WebSite\",\"@id\":\"https:\/\/mycannabis.cz\/#website\",\"url\":\"https:\/\/mycannabis.cz\/\",\"name\":\"Cannabis Apotheke - Cannabis auf Rezept | Mycannabis.de\",\"description\":\"Cannabis aus der Apotheke: L\u00f6sen Sie ihr Cannabisrezept online schnell &amp; einfach ein &amp; wir liefern es Ihnen bequem nach Hause. Mit Telefonberatung | Kostenloser Versand in Deutschland.\",\"publisher\":{\"@id\":\"https:\/\/mycannabis.cz\/#organization\"},\"potentialAction\":[{\"@type\":\"SearchAction\",\"target\":{\"@type\":\"EntryPoint\",\"urlTemplate\":\"https:\/\/mycannabis.cz\/?s={search_term_string}\"},\"query-input\":{\"@type\":\"PropertyValueSpecification\",\"valueRequired\":true,\"valueName\":\"search_term_string\"}}],\"inLanguage\":\"en-GB\"},{\"@type\":\"Organization\",\"@id\":\"https:\/\/mycannabis.cz\/#organization\",\"name\":\"Cannabis Apotheke - Cannabis auf Rezept | Mycannabis.de\",\"url\":\"https:\/\/mycannabis.cz\/\",\"logo\":{\"@type\":\"ImageObject\",\"inLanguage\":\"en-GB\",\"@id\":\"https:\/\/mycannabis.cz\/#\/schema\/logo\/image\/\",\"url\":\"https:\/\/mycannabis.cz\/wp-content\/uploads\/sites\/7\/2023\/06\/cropped-Mycannabis-DE-Logo-Master_Outlined-1.png\",\"contentUrl\":\"https:\/\/mycannabis.cz\/wp-content\/uploads\/sites\/7\/2023\/06\/cropped-Mycannabis-DE-Logo-Master_Outlined-1.png\",\"width\":1920,\"height\":720,\"caption\":\"Cannabis Apotheke - Cannabis auf Rezept | Mycannabis.de\"},\"image\":{\"@id\":\"https:\/\/mycannabis.cz\/#\/schema\/logo\/image\/\"}}]}<\/script>\n<!-- \/ Yoast SEO plugin. -->","yoast_head_json":{"title":"Apply a prescription for cannabis | mycannabis","description":"Fill your medical cannabis prescription easily, safely and without shipping costs at MYCANNABIS | Purchase on account","robots":{"index":"index","follow":"follow","max-snippet":"max-snippet:-1","max-image-preview":"max-image-preview:large","max-video-preview":"max-video-preview:-1"},"canonical":"https:\/\/mycannabis.cz\/en\/reimburse-a-prescription\/","og_locale":"en_GB","og_type":"article","og_title":"Uplatn\u011bte p\u0159edpis na konop\u00ed | mycannabis","og_description":"Vypl\u0148te sv\u016fj p\u0159edpis l\u00e9\u010debn\u00e9ho konop\u00ed snadno, bezpe\u010dn\u011b a bez n\u00e1klad\u016f na dopravu na MYCANNABIS | Mo\u017enost n\u00e1kupu na \u00fa\u010det","og_url":"https:\/\/mycannabis.cz\/en\/reimburse-a-prescription\/","og_site_name":"Cannabis Apotheke - Cannabis auf Rezept | Mycannabis.de","article_modified_time":"2024-11-01T17:04:21+00:00","twitter_card":"summary_large_image","twitter_misc":{"Estimated reading time":"3 minutes"},"schema":{"@context":"https:\/\/schema.org","@graph":[{"@type":"WebPage","@id":"https:\/\/mycannabis.cz\/en\/reimburse-a-prescription\/","url":"https:\/\/mycannabis.cz\/en\/reimburse-a-prescription\/","name":"Apply a prescription for cannabis | mycannabis","isPartOf":{"@id":"https:\/\/mycannabis.cz\/#website"},"datePublished":"2023-02-01T11:05:37+00:00","dateModified":"2024-11-01T17:04:21+00:00","description":"Fill your medical cannabis prescription easily, safely and without shipping costs at MYCANNABIS | Purchase on account","breadcrumb":{"@id":"https:\/\/mycannabis.cz\/en\/reimburse-a-prescription\/#breadcrumb"},"inLanguage":"en-GB","potentialAction":[{"@type":"ReadAction","target":["https:\/\/mycannabis.cz\/en\/reimburse-a-prescription\/"]}]},{"@type":"BreadcrumbList","@id":"https:\/\/mycannabis.cz\/en\/reimburse-a-prescription\/#breadcrumb","itemListElement":[{"@type":"ListItem","position":1,"name":"Home","item":"https:\/\/mycannabis.cz\/"},{"@type":"ListItem","position":2,"name":"Cannabis Rezept einl\u00f6sen"}]},{"@type":"WebSite","@id":"https:\/\/mycannabis.cz\/#website","url":"https:\/\/mycannabis.cz\/","name":"Cannabis Apotheke - Cannabis auf Rezept | Mycannabis.de","description":"Cannabis aus der Apotheke: L\u00f6sen Sie ihr Cannabisrezept online schnell &amp; einfach ein &amp; wir liefern es Ihnen bequem nach Hause. Mit Telefonberatung | Kostenloser Versand in Deutschland.","publisher":{"@id":"https:\/\/mycannabis.cz\/#organization"},"potentialAction":[{"@type":"SearchAction","target":{"@type":"EntryPoint","urlTemplate":"https:\/\/mycannabis.cz\/?s={search_term_string}"},"query-input":{"@type":"PropertyValueSpecification","valueRequired":true,"valueName":"search_term_string"}}],"inLanguage":"en-GB"},{"@type":"Organization","@id":"https:\/\/mycannabis.cz\/#organization","name":"Cannabis Apotheke - Cannabis auf Rezept | Mycannabis.de","url":"https:\/\/mycannabis.cz\/","logo":{"@type":"ImageObject","inLanguage":"en-GB","@id":"https:\/\/mycannabis.cz\/#\/schema\/logo\/image\/","url":"https:\/\/mycannabis.cz\/wp-content\/uploads\/sites\/7\/2023\/06\/cropped-Mycannabis-DE-Logo-Master_Outlined-1.png","contentUrl":"https:\/\/mycannabis.cz\/wp-content\/uploads\/sites\/7\/2023\/06\/cropped-Mycannabis-DE-Logo-Master_Outlined-1.png","width":1920,"height":720,"caption":"Cannabis Apotheke - Cannabis auf Rezept | Mycannabis.de"},"image":{"@id":"https:\/\/mycannabis.cz\/#\/schema\/logo\/image\/"}}]}},"_links":{"self":[{"href":"https:\/\/mycannabis.cz\/en\/wp-json\/wp\/v2\/pages\/428","targetHints":{"allow":["GET"]}}],"collection":[{"href":"https:\/\/mycannabis.cz\/en\/wp-json\/wp\/v2\/pages"}],"about":[{"href":"https:\/\/mycannabis.cz\/en\/wp-json\/wp\/v2\/types\/page"}],"author":[{"embeddable":true,"href":"https:\/\/mycannabis.cz\/en\/wp-json\/wp\/v2\/users\/6"}],"replies":[{"embeddable":true,"href":"https:\/\/mycannabis.cz\/en\/wp-json\/wp\/v2\/comments?post=428"}],"version-history":[{"count":0,"href":"https:\/\/mycannabis.cz\/en\/wp-json\/wp\/v2\/pages\/428\/revisions"}],"wp:attachment":[{"href":"https:\/\/mycannabis.cz\/en\/wp-json\/wp\/v2\/media?parent=428"}],"curies":[{"name":"wp","href":"https:\/\/api.w.org\/{rel}","templated":true}]}}